{"id":239079,"date":"2022-07-26T08:45:48","date_gmt":"2022-07-26T06:45:48","guid":{"rendered":"https:\/\/100evesekvagyunk.hu\/fooldal\/"},"modified":"2023-03-13T10:49:53","modified_gmt":"2023-03-13T09:49:53","slug":"main-page","status":"publish","type":"page","link":"https:\/\/100evesekvagyunk.hu\/en\/","title":{"rendered":"main page"},"content":{"rendered":"<p>[et_pb_section fb_built=&#8221;1&#8243; _builder_version=&#8221;4.17.6&#8243; _module_preset=&#8221;default&#8221; global_colors_info=&#8221;{}&#8221;][et_pb_row _builder_version=&#8221;4.17.6&#8243; _module_preset=&#8221;default&#8221; global_colors_info=&#8221;{}&#8221;][et_pb_column type=&#8221;4_4&#8243; _builder_version=&#8221;4.17.6&#8243; _module_preset=&#8221;default&#8221; global_colors_info=&#8221;{}&#8221;][et_pb_image src=&#8221;https:\/\/100evesekvagyunk.hu\/wp-content\/uploads\/2023\/02\/nfz-angol-egysoros-logo-WEBOLDALRA_1079x11897px.png&#8221; title_text=&#8221;nfz-angol-egysoros-logo-WEBOLDALRA_1079x118(97)px&#8221; _builder_version=&#8221;4.19.5&#8243; _module_preset=&#8221;default&#8221; global_colors_info=&#8221;{}&#8221;][\/et_pb_image][\/et_pb_column][\/et_pb_row][et_pb_row column_structure=&#8221;1_4,3_4&#8243; _builder_version=&#8221;4.17.6&#8243; _module_preset=&#8221;default&#8221; global_colors_info=&#8221;{}&#8221;][et_pb_column type=&#8221;1_4&#8243; _builder_version=&#8221;4.17.6&#8243; _module_preset=&#8221;default&#8221; global_colors_info=&#8221;{}&#8221;][\/et_pb_column][et_pb_column type=&#8221;3_4&#8243; _builder_version=&#8221;4.17.6&#8243; _module_preset=&#8221;default&#8221; global_colors_info=&#8221;{}&#8221;][et_pb_text admin_label=&#8221;Tisztelt K\u00f6z\u00f6ns\u00e9g\u00fcnk!&#8221; _builder_version=&#8221;4.19.5&#8243; _module_preset=&#8221;default&#8221; header_text_color=&#8221;#000000&#8243; global_colors_info=&#8221;{}&#8221;]<\/p>\n<h1>Dear Audience!<\/h1>\n<p>[\/et_pb_text][\/et_pb_column][\/et_pb_row][et_pb_row _builder_version=&#8221;4.17.6&#8243; _module_preset=&#8221;default&#8221; global_colors_info=&#8221;{}&#8221;][et_pb_column type=&#8221;4_4&#8243; _builder_version=&#8221;4.17.6&#8243; _module_preset=&#8221;default&#8221; global_colors_info=&#8221;{}&#8221;][et_pb_text admin_label=&#8221;Bevezet\u0151&#8221; _builder_version=&#8221;4.19.5&#8243; _module_preset=&#8221;default&#8221; hover_enabled=&#8221;0&#8243; global_colors_info=&#8221;{}&#8221; sticky_enabled=&#8221;0&#8243;]<\/p>\n<p>April 2023 will see us celebrating the centenary of the Hungarian National Philharmonic Orchestra. It is for the occasion of this important anniversary that we have created this website, where you can read birthday greetings, flip through our photo album compiled for the \u2018round\u2019 anniversary, watch our newscasts recalling the history of the one hundred years and our film etudes, all while discovering many interesting facts about our orchestra.<\/p>\n<p>I hope you enjoy browsing through it. We\u2019re looking forward to welcoming you to our concerts as well \u2013 let\u2019s keep the melody going!<\/p>\n<p>&nbsp;<\/p>\n<p style=\"text-align: right;\">Domonkos Herboly<br \/>General Director<\/p>\n<p>[\/et_pb_text][et_pb_image src=&#8221;https:\/\/100evesekvagyunk.hu\/wp-content\/uploads\/2022\/08\/Zenekari-csoportfoto2_2022_junius@MNF_foto_Csibi-Szilvia.jpg&#8221; alt=&#8221;Herboly Domonkos&#8221; title_text=&#8221;The Hungarian National Philharmonic Orchestra \/ photo: Szilvia Csibi&#8221; force_fullwidth=&#8221;on&#8221; src_tablet=&#8221;https:\/\/100evesekvagyunk.hu\/wp-content\/uploads\/2022\/08\/Zenekari-csoportfoto_2022_junius@MNF_foto_Csibi-Szilvia-1024&#215;717.jpg&#8221; src_phone=&#8221;https:\/\/100evesekvagyunk.hu\/wp-content\/uploads\/2022\/08\/Zenekari-csoportfoto_2022_junius@MNF_foto_Csibi-Szilvia-e1659955772501.jpg&#8221; src_last_edited=&#8221;on|desktop&#8221; _builder_version=&#8221;4.19.5&#8243; _module_preset=&#8221;default&#8221; custom_margin=&#8221;0px||0px||true|false&#8221; custom_padding=&#8221;0px||0px||true|false&#8221; global_colors_info=&#8221;{}&#8221;][\/et_pb_image][\/et_pb_column][\/et_pb_row][\/et_pb_section]<\/p>\n","protected":false},"excerpt":{"rendered":"<p>Dear Audience!April 2023 will see us celebrating the centenary of the Hungarian National Philharmonic Orchestra. It is for the occasion of this important anniversary that we have created this website, where you can read birthday greetings, flip through our photo album compiled for the \u2018round\u2019 anniversary, watch our newscasts recalling the history of the one hundred years and our film etudes, all while discovering many interesting facts about our orchestra. I hope you enjoy browsing through it. We\u2019re looking forward to welcoming you to our concerts as well \u2013 let\u2019s keep the melody going! &nbsp; Domonkos HerbolyGeneral Director<\/p>\n","protected":false},"author":1,"featured_media":0,"parent":0,"menu_order":0,"comment_status":"closed","ping_status":"closed","template":"","meta":{"_acf_changed":false,"_et_pb_use_builder":"on","_et_pb_old_content":"","_et_gb_content_width":"","footnotes":""},"class_list":["post-239079","page","type-page","status-publish","hentry"],"acf":[],"yoast_head":"<!-- This site is optimized with the Yoast SEO plugin v27.4 - https:\/\/yoast.com\/product\/yoast-seo-wordpress\/ -->\n<title>main page - we&#039;re 100 years old<\/title>\n<meta name=\"robots\" content=\"index, follow, max-snippet:-1, max-image-preview:large, max-video-preview:-1\" \/>\n<link rel=\"canonical\" href=\"https:\/\/100evesekvagyunk.hu\/en\/\" \/>\n<meta property=\"og:locale\" content=\"en_US\" \/>\n<meta property=\"og:type\" content=\"article\" \/>\n<meta property=\"og:title\" content=\"main page - we&#039;re 100 years old\" \/>\n<meta property=\"og:description\" content=\"Dear Audience!April 2023 will see us celebrating the centenary of the Hungarian National Philharmonic Orchestra. It is for the occasion of this important anniversary that we have created this website, where you can read birthday greetings, flip through our photo album compiled for the \u2018round\u2019 anniversary, watch our newscasts recalling the history of the one hundred years and our film etudes, all while discovering many interesting facts about our orchestra. I hope you enjoy browsing through it. We\u2019re looking forward to welcoming you to our concerts as well \u2013 let\u2019s keep the melody going! &nbsp; Domonkos HerbolyGeneral Director\" \/>\n<meta property=\"og:url\" content=\"https:\/\/100evesekvagyunk.hu\/en\/\" \/>\n<meta property=\"og:site_name\" content=\"we&#039;re 100 years old\" \/>\n<meta property=\"article:modified_time\" content=\"2023-03-13T09:49:53+00:00\" \/>\n<meta name=\"twitter:card\" content=\"summary_large_image\" \/>\n<meta name=\"twitter:label1\" content=\"Est. reading time\" \/>\n\t<meta name=\"twitter:data1\" content=\"1 minute\" \/>\n<script type=\"application\/ld+json\" class=\"yoast-schema-graph\">{\"@context\":\"https:\\\/\\\/schema.org\",\"@graph\":[{\"@type\":\"WebPage\",\"@id\":\"https:\\\/\\\/100evesekvagyunk.hu\\\/en\\\/\",\"url\":\"https:\\\/\\\/100evesekvagyunk.hu\\\/en\\\/\",\"name\":\"main page - we're 100 years old\",\"isPartOf\":{\"@id\":\"https:\\\/\\\/100evesekvagyunk.hu\\\/#website\"},\"datePublished\":\"2022-07-26T06:45:48+00:00\",\"dateModified\":\"2023-03-13T09:49:53+00:00\",\"breadcrumb\":{\"@id\":\"https:\\\/\\\/100evesekvagyunk.hu\\\/en\\\/#breadcrumb\"},\"inLanguage\":\"en-US\",\"potentialAction\":[{\"@type\":\"ReadAction\",\"target\":[\"https:\\\/\\\/100evesekvagyunk.hu\\\/en\\\/\"]}]},{\"@type\":\"BreadcrumbList\",\"@id\":\"https:\\\/\\\/100evesekvagyunk.hu\\\/en\\\/#breadcrumb\",\"itemListElement\":[{\"@type\":\"ListItem\",\"position\":1,\"name\":\"Kezd\u0151lap\",\"item\":\"https:\\\/\\\/100evesekvagyunk.hu\\\/en\\\/\"},{\"@type\":\"ListItem\",\"position\":2,\"name\":\"main page\"}]},{\"@type\":\"WebSite\",\"@id\":\"https:\\\/\\\/100evesekvagyunk.hu\\\/#website\",\"url\":\"https:\\\/\\\/100evesekvagyunk.hu\\\/\",\"name\":\"we're 100 years old\",\"description\":\"Egy \u00fajabb WordPress honlap\",\"potentialAction\":[{\"@type\":\"SearchAction\",\"target\":{\"@type\":\"EntryPoint\",\"urlTemplate\":\"https:\\\/\\\/100evesekvagyunk.hu\\\/?s={search_term_string}\"},\"query-input\":{\"@type\":\"PropertyValueSpecification\",\"valueRequired\":true,\"valueName\":\"search_term_string\"}}],\"inLanguage\":\"en-US\"}]}<\/script>\n<!-- \/ Yoast SEO plugin. -->","yoast_head_json":{"title":"main page - we're 100 years old","robots":{"index":"index","follow":"follow","max-snippet":"max-snippet:-1","max-image-preview":"max-image-preview:large","max-video-preview":"max-video-preview:-1"},"canonical":"https:\/\/100evesekvagyunk.hu\/en\/","og_locale":"en_US","og_type":"article","og_title":"main page - we're 100 years old","og_description":"Dear Audience!April 2023 will see us celebrating the centenary of the Hungarian National Philharmonic Orchestra. It is for the occasion of this important anniversary that we have created this website, where you can read birthday greetings, flip through our photo album compiled for the \u2018round\u2019 anniversary, watch our newscasts recalling the history of the one hundred years and our film etudes, all while discovering many interesting facts about our orchestra. I hope you enjoy browsing through it. We\u2019re looking forward to welcoming you to our concerts as well \u2013 let\u2019s keep the melody going! &nbsp; Domonkos HerbolyGeneral Director","og_url":"https:\/\/100evesekvagyunk.hu\/en\/","og_site_name":"we're 100 years old","article_modified_time":"2023-03-13T09:49:53+00:00","twitter_card":"summary_large_image","twitter_misc":{"Est. reading time":"1 minute"},"schema":{"@context":"https:\/\/schema.org","@graph":[{"@type":"WebPage","@id":"https:\/\/100evesekvagyunk.hu\/en\/","url":"https:\/\/100evesekvagyunk.hu\/en\/","name":"main page - we're 100 years old","isPartOf":{"@id":"https:\/\/100evesekvagyunk.hu\/#website"},"datePublished":"2022-07-26T06:45:48+00:00","dateModified":"2023-03-13T09:49:53+00:00","breadcrumb":{"@id":"https:\/\/100evesekvagyunk.hu\/en\/#breadcrumb"},"inLanguage":"en-US","potentialAction":[{"@type":"ReadAction","target":["https:\/\/100evesekvagyunk.hu\/en\/"]}]},{"@type":"BreadcrumbList","@id":"https:\/\/100evesekvagyunk.hu\/en\/#breadcrumb","itemListElement":[{"@type":"ListItem","position":1,"name":"Kezd\u0151lap","item":"https:\/\/100evesekvagyunk.hu\/en\/"},{"@type":"ListItem","position":2,"name":"main page"}]},{"@type":"WebSite","@id":"https:\/\/100evesekvagyunk.hu\/#website","url":"https:\/\/100evesekvagyunk.hu\/","name":"we're 100 years old","description":"Egy \u00fajabb WordPress honlap","potentialAction":[{"@type":"SearchAction","target":{"@type":"EntryPoint","urlTemplate":"https:\/\/100evesekvagyunk.hu\/?s={search_term_string}"},"query-input":{"@type":"PropertyValueSpecification","valueRequired":true,"valueName":"search_term_string"}}],"inLanguage":"en-US"}]}},"_links":{"self":[{"href":"https:\/\/100evesekvagyunk.hu\/en\/wp-json\/wp\/v2\/pages\/239079","targetHints":{"allow":["GET"]}}],"collection":[{"href":"https:\/\/100evesekvagyunk.hu\/en\/wp-json\/wp\/v2\/pages"}],"about":[{"href":"https:\/\/100evesekvagyunk.hu\/en\/wp-json\/wp\/v2\/types\/page"}],"author":[{"embeddable":true,"href":"https:\/\/100evesekvagyunk.hu\/en\/wp-json\/wp\/v2\/users\/1"}],"replies":[{"embeddable":true,"href":"https:\/\/100evesekvagyunk.hu\/en\/wp-json\/wp\/v2\/comments?post=239079"}],"version-history":[{"count":9,"href":"https:\/\/100evesekvagyunk.hu\/en\/wp-json\/wp\/v2\/pages\/239079\/revisions"}],"predecessor-version":[{"id":239444,"href":"https:\/\/100evesekvagyunk.hu\/en\/wp-json\/wp\/v2\/pages\/239079\/revisions\/239444"}],"wp:attachment":[{"href":"https:\/\/100evesekvagyunk.hu\/en\/wp-json\/wp\/v2\/media?parent=239079"}],"curies":[{"name":"wp","href":"https:\/\/api.w.org\/{rel}","templated":true}]}}