{"id":239085,"date":"2022-07-26T10:50:38","date_gmt":"2022-07-26T08:50:38","guid":{"rendered":"https:\/\/100evesekvagyunk.hu\/zene-es-tortenelem-etudok\/"},"modified":"2023-03-03T14:14:45","modified_gmt":"2023-03-03T13:14:45","slug":"music-and-history-etudes","status":"publish","type":"page","link":"https:\/\/100evesekvagyunk.hu\/en\/music-and-history-etudes\/","title":{"rendered":"music and history \u2013 etudes"},"content":{"rendered":"<p>[et_pb_section fb_built=&#8221;1&#8243; _builder_version=&#8221;4.17.6&#8243; _module_preset=&#8221;default&#8221; global_colors_info=&#8221;{}&#8221;][et_pb_row _builder_version=&#8221;4.17.6&#8243; _module_preset=&#8221;default&#8221; global_colors_info=&#8221;{}&#8221;][et_pb_column type=&#8221;4_4&#8243; _builder_version=&#8221;4.17.6&#8243; _module_preset=&#8221;default&#8221; global_colors_info=&#8221;{}&#8221;][et_pb_text admin_label=&#8221;Zene \u00e9s t\u00f6rt\u00e9nelem \u2013 et\u0171d\u00f6k&#8221; _builder_version=&#8221;4.19.5&#8243; _module_preset=&#8221;default&#8221; global_colors_info=&#8221;{}&#8221;]<\/p>\n<h1>Music and history \u2013 etudes<\/h1>\n<p>[\/et_pb_text][et_pb_text _builder_version=&#8221;4.19.5&#8243; _module_preset=&#8221;default&#8221; global_colors_info=&#8221;{}&#8221;]<\/p>\n<p>Music is a key element of every culture and era. While the music of primaeval cultures consisted almost exclusively of rhythm, today there are countless musical styles, among which everyone can find the ones they like best. Because we need music. We always have and always will: to calm us down, cheer us up, pulsate through us, excite us, relax us, give us hope, make us think, make us scream and laugh, touch us, turn us off and rev us up, to give us experience. Keep the melody going!<\/p>\n<p>[\/et_pb_text][\/et_pb_column][\/et_pb_row][et_pb_row _builder_version=&#8221;4.17.6&#8243; _module_preset=&#8221;default&#8221; global_colors_info=&#8221;{}&#8221;][et_pb_column type=&#8221;4_4&#8243; _builder_version=&#8221;4.17.6&#8243; _module_preset=&#8221;default&#8221; global_colors_info=&#8221;{}&#8221;][et_pb_text admin_label=&#8221;K\u00e9pal\u00e1\u00edr\u00e1s&#8221; module_class=&#8221;kepalairas&#8221; _builder_version=&#8221;4.19.5&#8243; _module_preset=&#8221;default&#8221; width=&#8221;465px&#8221; max_width=&#8221;100%&#8221; global_colors_info=&#8221;{}&#8221;]<\/p>\n<p><strong>1929\u20131933 \/ The Great Depression<\/strong><\/p>\n<p><iframe loading=\"lazy\" title=\"YouTube video player\" src=\"https:\/\/www.youtube.com\/embed\/rO1TbABvrbg\" width=\"560\" height=\"315\" frameborder=\"0\" allowfullscreen=\"allowfullscreen\"><\/iframe><\/p>\n<p>[\/et_pb_text][et_pb_text _builder_version=&#8221;4.19.5&#8243; _module_preset=&#8221;default&#8221; global_colors_info=&#8221;{}&#8221;]<\/p>\n<p>&nbsp;<\/p>\n<p>Although the economic difficulties afflicting the entire world meant people had little money, there was always a little bit to give to the street musicians, who smuggled at least some joy into the seeming hopelessness of everyday life with their music. \u00c9dith Piaf, the French chanson singer who would later gain world fame, was one of those to support herself in this way.<\/p>\n<p>[\/et_pb_text][et_pb_divider color=&#8221;#000000&#8243; divider_style=&#8221;dashed&#8221; _builder_version=&#8221;4.19.5&#8243; _module_preset=&#8221;default&#8221; global_colors_info=&#8221;{}&#8221;][\/et_pb_divider][\/et_pb_column][\/et_pb_row][et_pb_row _builder_version=&#8221;4.17.6&#8243; _module_preset=&#8221;default&#8221; global_colors_info=&#8221;{}&#8221;][et_pb_column type=&#8221;4_4&#8243; _builder_version=&#8221;4.17.6&#8243; _module_preset=&#8221;default&#8221; global_colors_info=&#8221;{}&#8221;][et_pb_text admin_label=&#8221;K\u00e9pal\u00e1\u00edr\u00e1s&#8221; module_class=&#8221;kepalairas&#8221; _builder_version=&#8221;4.19.5&#8243; _module_preset=&#8221;default&#8221; width=&#8221;465px&#8221; max_width=&#8221;100%&#8221; hover_enabled=&#8221;0&#8243; global_colors_info=&#8221;{}&#8221; sticky_enabled=&#8221;0&#8243;]<\/p>\n<p><strong>1939\u20131945 \/ World War Two<\/strong><\/p>\n<p><iframe loading=\"lazy\" title=\"YouTube video player\" src=\"https:\/\/www.youtube.com\/embed\/e2bqefkW2Ig\" width=\"560\" height=\"315\" frameborder=\"0\" allowfullscreen=\"allowfullscreen\"><\/iframe><\/p>\n<p>[\/et_pb_text][et_pb_text _builder_version=&#8221;4.19.5&#8243; _module_preset=&#8221;default&#8221; global_colors_info=&#8221;{}&#8221;]<\/p>\n<p>&nbsp;<\/p>\n<p>Between 1939 and 1945, musicians and singers performing in military camps and bases eased the tension built up in the spirits of the soldiers, their shows helping the troops forget, at least for a little while, the horrors they had experienced, offering hope and comfort, and evoking the memory and illusion of the happy times of peace. These artists included the celebrated star of the time Katalin Kar\u00e1dy, who visited the front several times to cheer up the soldiers with her songs. On one such occasion, she sang the song <em>Valahol Oroszorsz\u00e1gban<\/em> (\u2018Somewhere in Russia\u2019), which was also filmed. However, due to the actress\u2019 controversial political role, the footage would only be shown after the turn of the millennium.<\/p>\n<p>[\/et_pb_text][et_pb_divider color=&#8221;#000000&#8243; divider_style=&#8221;dashed&#8221; _builder_version=&#8221;4.19.5&#8243; _module_preset=&#8221;default&#8221; global_colors_info=&#8221;{}&#8221;][\/et_pb_divider][\/et_pb_column][\/et_pb_row][et_pb_row _builder_version=&#8221;4.17.6&#8243; _module_preset=&#8221;default&#8221; global_colors_info=&#8221;{}&#8221;][et_pb_column type=&#8221;4_4&#8243; _builder_version=&#8221;4.17.6&#8243; _module_preset=&#8221;default&#8221; global_colors_info=&#8221;{}&#8221;][et_pb_text admin_label=&#8221;K\u00e9pal\u00e1\u00edr\u00e1s&#8221; module_class=&#8221;kepalairas&#8221; _builder_version=&#8221;4.19.5&#8243; _module_preset=&#8221;default&#8221; width=&#8221;465px&#8221; max_width=&#8221;100%&#8221; global_colors_info=&#8221;{}&#8221;]<\/p>\n<p><strong>From 1947 \/ the emergence of the Eastern Bloc<\/strong><\/p>\n<p><iframe loading=\"lazy\" title=\"YouTube video player\" src=\"https:\/\/www.youtube.com\/embed\/J3L8CBQiQ-Q\" width=\"560\" height=\"315\" frameborder=\"0\" allowfullscreen=\"allowfullscreen\"><\/iframe><\/p>\n<p>&nbsp;<\/p>\n<p>[\/et_pb_text][et_pb_text _builder_version=&#8221;4.19.5&#8243; _module_preset=&#8221;default&#8221; hover_enabled=&#8221;0&#8243; global_colors_info=&#8221;{}&#8221; sticky_enabled=&#8221;0&#8243;]<\/p>\n<p>&nbsp;<\/p>\n<p>In 1948, the Communist Party of the Soviet Union issued a decree that influenced music policy across the entire Eastern Bloc. The new edict required creative artists and the critics to influence each other, allowing the latter, in the spirit of partisanship, to go so far as to even suggest ideas for socialist themes to the former. Considered Stalin\u2019s most ardent student, the Hungarian communist leader M\u00e1ty\u00e1s R\u00e1kosi acted accordingly, leaving a deep mark on the country\u2019s artistic life by conforming to the Soviet cultural policy shaped through the directives from Andrei Zhdanov. It was in this spirit that a certain urban legend about a conversation that supposedly took place between R\u00e1kosi and Zolt\u00e1n Kod\u00e1ly in the Opera House was born:<br \/>R\u00e1kosi: \u201cI have been hearing very bad things about you, Comrade Kod\u00e1ly!\u201d<br \/>Kod\u00e1ly: \u201cI have been hearing very bad things about you too, Comrade R\u00e1kosi!\u201d<\/p>\n<p>[\/et_pb_text][et_pb_divider color=&#8221;#000000&#8243; divider_style=&#8221;dashed&#8221; _builder_version=&#8221;4.19.5&#8243; _module_preset=&#8221;default&#8221; global_colors_info=&#8221;{}&#8221;][\/et_pb_divider][\/et_pb_column][\/et_pb_row][et_pb_row _builder_version=&#8221;4.17.6&#8243; _module_preset=&#8221;default&#8221; global_colors_info=&#8221;{}&#8221;][et_pb_column type=&#8221;4_4&#8243; _builder_version=&#8221;4.17.6&#8243; _module_preset=&#8221;default&#8221; global_colors_info=&#8221;{}&#8221;][et_pb_text admin_label=&#8221;K\u00e9pal\u00e1\u00edr\u00e1s&#8221; module_class=&#8221;kepalairas&#8221; _builder_version=&#8221;4.19.5&#8243; _module_preset=&#8221;default&#8221; width=&#8221;465px&#8221; max_width=&#8221;100%&#8221; global_colors_info=&#8221;{}&#8221;]<\/p>\n<p><strong>1956 \/ Revolution <\/strong><\/p>\n<p><iframe loading=\"lazy\" title=\"YouTube video player\" src=\"https:\/\/www.youtube.com\/embed\/M35t2C0kx6Y\" width=\"560\" height=\"315\" frameborder=\"0\" allowfullscreen=\"allowfullscreen\"><\/iframe><\/p>\n<p>[\/et_pb_text][et_pb_text _builder_version=&#8221;4.19.5&#8243; _module_preset=&#8221;default&#8221; global_colors_info=&#8221;{}&#8221;]<\/p>\n<p>&nbsp;<\/p>\n<p>On the night the revolution began, before fighting broke out around its building on Br\u00f3dy S\u00e1ndor Street, Hungarian Radio dispatched one of its vehicles to the parliament building as a precautionary measure. From the time the Hungarian Radio building was occupied until the revolution was put down, it was only from there that broadcasts were sent, via telephone lines. Radio broadcasting requires music, but given the chaotic circumstances, the staff had to leave all the audio recordings behind in the building. Fortunately, the technicians who had been sent off found an old record player, together with some records, in one of the Parliament\u2019s club chambers. Among the recordings were the <em>Himnusz<\/em>, the Hungarian national anthem, and the equally patriotic <em>Sz\u00f3zat<\/em>, along with several Hungarian songs and Beethoven\u2019s <em>Egmont Overture<\/em>. This latter piece is what was played at noon the next day, as Imre Nagy announced that all those who immediately laid down their arms would be granted amnesty. And it became one of the most played pieces over the course of the following weeks. Beethoven had written the music for Goethe\u2019s stage play <em>Egmont<\/em>, another work thematically related to the struggle for freedom, although this coincidence was probably more due to chance than it was to the cultural education of the radio technicians.<\/p>\n<p>[\/et_pb_text][et_pb_divider color=&#8221;#000000&#8243; divider_style=&#8221;dashed&#8221; _builder_version=&#8221;4.19.5&#8243; _module_preset=&#8221;default&#8221; global_colors_info=&#8221;{}&#8221;][\/et_pb_divider][\/et_pb_column][\/et_pb_row][et_pb_row _builder_version=&#8221;4.17.6&#8243; _module_preset=&#8221;default&#8221; global_colors_info=&#8221;{}&#8221;][et_pb_column type=&#8221;4_4&#8243; _builder_version=&#8221;4.17.6&#8243; _module_preset=&#8221;default&#8221; global_colors_info=&#8221;{}&#8221;][et_pb_text admin_label=&#8221;K\u00e9pal\u00e1\u00edr\u00e1s&#8221; module_class=&#8221;kepalairas&#8221; _builder_version=&#8221;4.19.5&#8243; _module_preset=&#8221;default&#8221; width=&#8221;465px&#8221; max_width=&#8221;100%&#8221; global_colors_info=&#8221;{}&#8221;]<\/p>\n<p><strong>The 1970s \/ \u2018Goulash Communism\u2019<\/strong><\/p>\n<p><iframe loading=\"lazy\" title=\"YouTube video player\" src=\"https:\/\/www.youtube.com\/embed\/mA5uF49HjZ8\" width=\"560\" height=\"315\" frameborder=\"0\" allowfullscreen=\"allowfullscreen\"><\/iframe><\/p>\n<p>[\/et_pb_text][et_pb_text _builder_version=&#8221;4.19.5&#8243; _module_preset=&#8221;default&#8221; global_colors_info=&#8221;{}&#8221;]<\/p>\n<p>&nbsp;<\/p>\n<p>Operating for 43 years between 1950 and 1993, Radio Free Europe not only offered trustworthy reporting on events beyond the Iron Curtain, it also played Western music, including some of the sounds that defined the era: Elvis Presley, the Beatles, the Rolling Stones, Jimi Hendrix, Bob Dylan, the Doors and Tom Jones. Listening to these, young people in Hungary were able to approach the free world they longed for so much, even if it still seemed unattainable.<\/p>\n<p>[\/et_pb_text][et_pb_divider color=&#8221;#000000&#8243; divider_style=&#8221;dashed&#8221; _builder_version=&#8221;4.19.5&#8243; _module_preset=&#8221;default&#8221; global_colors_info=&#8221;{}&#8221;][\/et_pb_divider][\/et_pb_column][\/et_pb_row][et_pb_row _builder_version=&#8221;4.17.6&#8243; _module_preset=&#8221;default&#8221; global_colors_info=&#8221;{}&#8221;][et_pb_column type=&#8221;4_4&#8243; _builder_version=&#8221;4.17.6&#8243; _module_preset=&#8221;default&#8221; global_colors_info=&#8221;{}&#8221;][et_pb_text admin_label=&#8221;K\u00e9pal\u00e1\u00edr\u00e1s&#8221; module_class=&#8221;kepalairas&#8221; _builder_version=&#8221;4.19.5&#8243; _module_preset=&#8221;default&#8221; width=&#8221;465px&#8221; max_width=&#8221;100%&#8221; global_colors_info=&#8221;{}&#8221;]<\/p>\n<p><strong>The Olympics<\/strong><\/p>\n<p><iframe loading=\"lazy\" title=\"YouTube video player\" src=\"https:\/\/www.youtube.com\/embed\/Di8IfSWPVt0\" width=\"560\" height=\"315\" frameborder=\"0\" allowfullscreen=\"allowfullscreen\"><\/iframe><\/p>\n<p>[\/et_pb_text][et_pb_text _builder_version=&#8221;4.19.5&#8243; _module_preset=&#8221;default&#8221; global_colors_info=&#8221;{}&#8221;]<\/p>\n<p>&nbsp;<\/p>\n<p>It is a well-known fact that music was an integral part of the Olympics held in ancient Greece from the very beginning. The festival-like games lasting several days regularly featured musicians with different roles. Horn players and singers led the events and played during breaks, but there was also plenty of music from others during the competitions: mainly from the drummers, because it was believed that their pulsing rhythm helped the athletes concentrate and coordinate their movements. The words \u2018music\u2019 and \u2018muse\u2019 are themselves etymologically Greek in origin. The Olympics even included some musical competitions, in which musicians, singers, and actors all got to test their skills.<\/p>\n<p>[\/et_pb_text][et_pb_divider color=&#8221;#000000&#8243; divider_style=&#8221;dashed&#8221; _builder_version=&#8221;4.19.5&#8243; _module_preset=&#8221;default&#8221; global_colors_info=&#8221;{}&#8221;][\/et_pb_divider][\/et_pb_column][\/et_pb_row][et_pb_row _builder_version=&#8221;4.17.6&#8243; _module_preset=&#8221;default&#8221; global_colors_info=&#8221;{}&#8221;][et_pb_column type=&#8221;4_4&#8243; _builder_version=&#8221;4.17.6&#8243; _module_preset=&#8221;default&#8221; global_colors_info=&#8221;{}&#8221;][et_pb_text admin_label=&#8221;K\u00e9pal\u00e1\u00edr\u00e1s&#8221; module_class=&#8221;kepalairas&#8221; _builder_version=&#8221;4.19.5&#8243; _module_preset=&#8221;default&#8221; width=&#8221;465px&#8221; max_width=&#8221;100%&#8221; global_colors_info=&#8221;{}&#8221;]<\/p>\n<p><strong>The regime change<\/strong><\/p>\n<p><iframe loading=\"lazy\" title=\"YouTube video player\" src=\"https:\/\/www.youtube.com\/embed\/ndvYnKiqzuo\" width=\"560\" height=\"315\" frameborder=\"0\" allowfullscreen=\"allowfullscreen\"><\/iframe><\/p>\n<p>[\/et_pb_text][et_pb_text _builder_version=&#8221;4.19.5&#8243; _module_preset=&#8221;default&#8221; global_colors_info=&#8221;{}&#8221;]<\/p>\n<p>&nbsp;<\/p>\n<p>Shortly after the fall of the Berlin Wall, Leonard Bernstein conducted a concert in West Berlin, at the Philharmonie. The next day, he repeated the same concert in the other side of the city, at the Konzerthaus. What they played at both concerts was Beethoven\u2019s <em>Ninth Symphony<\/em>. Bernstein boldly altered Beethoven and Schiller\u2019s masterpiece, and Berliners received this new version with great enthusiasm. Under his baton, the <em>Ode to Joy<\/em> (\u2018Freude\u2019) became an ode to Freedom (\u2018Freiheit\u2018). \u201cI&#8217;m sure Beethoven would give it his blessing,\u201d said the 71-year-old maestro. After the concert, Bernstein visited the remnants of the Berlin Wall and, with the help of his friends and a hammer, knocked down some pieces of the remaining concrete slabs himself.<\/p>\n<p>[\/et_pb_text][et_pb_divider color=&#8221;#000000&#8243; divider_style=&#8221;dashed&#8221; _builder_version=&#8221;4.19.5&#8243; _module_preset=&#8221;default&#8221; global_colors_info=&#8221;{}&#8221;][\/et_pb_divider][\/et_pb_column][\/et_pb_row][et_pb_row _builder_version=&#8221;4.17.6&#8243; _module_preset=&#8221;default&#8221; global_colors_info=&#8221;{}&#8221;][et_pb_column type=&#8221;4_4&#8243; _builder_version=&#8221;4.17.6&#8243; _module_preset=&#8221;default&#8221; global_colors_info=&#8221;{}&#8221;][et_pb_text admin_label=&#8221;K\u00e9pal\u00e1\u00edr\u00e1s&#8221; module_class=&#8221;kepalairas&#8221; _builder_version=&#8221;4.19.5&#8243; _module_preset=&#8221;default&#8221; width=&#8221;465px&#8221; max_width=&#8221;100%&#8221; global_colors_info=&#8221;{}&#8221;]<\/p>\n<p><strong>The Information Revolution<\/strong><\/p>\n<p><iframe loading=\"lazy\" title=\"YouTube video player\" src=\"https:\/\/www.youtube.com\/embed\/EsEMOUvf5aE\" width=\"560\" height=\"315\" frameborder=\"0\" allowfullscreen=\"allowfullscreen\"><\/iframe><\/p>\n<p>[\/et_pb_text][et_pb_text _builder_version=&#8221;4.19.5&#8243; _module_preset=&#8221;default&#8221; global_colors_info=&#8221;{}&#8221;]<\/p>\n<p>&nbsp;<\/p>\n<p>With the spread of the Internet and the increasingly common everyday use of smartphones and various audio players, music listening habits have also changed in a radical fashion. These days, anyone anywhere in the world with the right equipment can easily listen to or download any music they like anytime they please. We listen to music while traveling, relaxing, working, studying, or playing sports. We listen to it out of joy, out of sadness, or as a source of relaxation or for a thousand other reasons. But mostly we listen to it because we like it.<\/p>\n<p>[\/et_pb_text][et_pb_divider color=&#8221;#000000&#8243; divider_style=&#8221;dashed&#8221; _builder_version=&#8221;4.19.5&#8243; _module_preset=&#8221;default&#8221; global_colors_info=&#8221;{}&#8221;][\/et_pb_divider][\/et_pb_column][\/et_pb_row][\/et_pb_section]<\/p>\n","protected":false},"excerpt":{"rendered":"<p>Music and history \u2013 etudesMusic is a key element of every culture and era. While the music of primaeval cultures consisted almost exclusively of rhythm, today there are countless musical styles, among which everyone can find the ones they like best. Because we need music. We always have and always will: to calm us down, cheer us up, pulsate through us, excite us, relax us, give us hope, make us think, make us scream and laugh, touch us, turn us off and rev us up, to give us experience. Keep the melody going!1929\u20131933 \/ The Great Depression &nbsp; Although the economic difficulties afflicting the entire world meant people had little money, there was always a little bit to give to the street musicians, who smuggled at least some joy into the seeming hopelessness of everyday life with their music. \u00c9dith Piaf, the French chanson singer who would later gain world fame, was one of those to support herself in this way.1939\u20131945 \/ World War Two &nbsp; Between 1939 and 1945, musicians and singers performing in military camps and bases eased the tension built up in the spirits of the soldiers, their shows helping the troops forget, at least for a [&hellip;]<\/p>\n","protected":false},"author":1,"featured_media":0,"parent":0,"menu_order":0,"comment_status":"closed","ping_status":"closed","template":"","meta":{"_acf_changed":false,"_et_pb_use_builder":"on","_et_pb_old_content":"","_et_gb_content_width":"","footnotes":""},"class_list":["post-239085","page","type-page","status-publish","hentry"],"acf":[],"yoast_head":"<!-- This site is optimized with the Yoast SEO plugin v27.3 - https:\/\/yoast.com\/product\/yoast-seo-wordpress\/ -->\n<title>music and history \u2013 etudes - we&#039;re 100 years old<\/title>\n<meta name=\"robots\" content=\"index, follow, max-snippet:-1, max-image-preview:large, max-video-preview:-1\" \/>\n<link rel=\"canonical\" href=\"https:\/\/100evesekvagyunk.hu\/en\/music-and-history-etudes\/\" \/>\n<meta property=\"og:locale\" content=\"en_US\" \/>\n<meta property=\"og:type\" content=\"article\" \/>\n<meta property=\"og:title\" content=\"music and history \u2013 etudes - we&#039;re 100 years old\" \/>\n<meta property=\"og:description\" content=\"Music and history \u2013 etudesMusic is a key element of every culture and era. While the music of primaeval cultures consisted almost exclusively of rhythm, today there are countless musical styles, among which everyone can find the ones they like best. Because we need music. We always have and always will: to calm us down, cheer us up, pulsate through us, excite us, relax us, give us hope, make us think, make us scream and laugh, touch us, turn us off and rev us up, to give us experience. Keep the melody going!1929\u20131933 \/ The Great Depression &nbsp; Although the economic difficulties afflicting the entire world meant people had little money, there was always a little bit to give to the street musicians, who smuggled at least some joy into the seeming hopelessness of everyday life with their music. \u00c9dith Piaf, the French chanson singer who would later gain world fame, was one of those to support herself in this way.1939\u20131945 \/ World War Two &nbsp; Between 1939 and 1945, musicians and singers performing in military camps and bases eased the tension built up in the spirits of the soldiers, their shows helping the troops forget, at least for a [&hellip;]\" \/>\n<meta property=\"og:url\" content=\"https:\/\/100evesekvagyunk.hu\/en\/music-and-history-etudes\/\" \/>\n<meta property=\"og:site_name\" content=\"we&#039;re 100 years old\" \/>\n<meta property=\"article:modified_time\" content=\"2023-03-03T13:14:45+00:00\" \/>\n<meta name=\"twitter:card\" content=\"summary_large_image\" \/>\n<meta name=\"twitter:label1\" content=\"Est. reading time\" \/>\n\t<meta name=\"twitter:data1\" content=\"8 minutes\" \/>\n<script type=\"application\/ld+json\" class=\"yoast-schema-graph\">{\"@context\":\"https:\\\/\\\/schema.org\",\"@graph\":[{\"@type\":\"WebPage\",\"@id\":\"https:\\\/\\\/100evesekvagyunk.hu\\\/en\\\/music-and-history-etudes\\\/\",\"url\":\"https:\\\/\\\/100evesekvagyunk.hu\\\/en\\\/music-and-history-etudes\\\/\",\"name\":\"music and history \u2013 etudes - we're 100 years old\",\"isPartOf\":{\"@id\":\"https:\\\/\\\/100evesekvagyunk.hu\\\/#website\"},\"datePublished\":\"2022-07-26T08:50:38+00:00\",\"dateModified\":\"2023-03-03T13:14:45+00:00\",\"breadcrumb\":{\"@id\":\"https:\\\/\\\/100evesekvagyunk.hu\\\/en\\\/music-and-history-etudes\\\/#breadcrumb\"},\"inLanguage\":\"en-US\",\"potentialAction\":[{\"@type\":\"ReadAction\",\"target\":[\"https:\\\/\\\/100evesekvagyunk.hu\\\/en\\\/music-and-history-etudes\\\/\"]}]},{\"@type\":\"BreadcrumbList\",\"@id\":\"https:\\\/\\\/100evesekvagyunk.hu\\\/en\\\/music-and-history-etudes\\\/#breadcrumb\",\"itemListElement\":[{\"@type\":\"ListItem\",\"position\":1,\"name\":\"Kezd\u0151lap\",\"item\":\"https:\\\/\\\/100evesekvagyunk.hu\\\/en\\\/\"},{\"@type\":\"ListItem\",\"position\":2,\"name\":\"music and history \u2013 etudes\"}]},{\"@type\":\"WebSite\",\"@id\":\"https:\\\/\\\/100evesekvagyunk.hu\\\/#website\",\"url\":\"https:\\\/\\\/100evesekvagyunk.hu\\\/\",\"name\":\"we're 100 years old\",\"description\":\"Egy \u00fajabb WordPress honlap\",\"potentialAction\":[{\"@type\":\"SearchAction\",\"target\":{\"@type\":\"EntryPoint\",\"urlTemplate\":\"https:\\\/\\\/100evesekvagyunk.hu\\\/?s={search_term_string}\"},\"query-input\":{\"@type\":\"PropertyValueSpecification\",\"valueRequired\":true,\"valueName\":\"search_term_string\"}}],\"inLanguage\":\"en-US\"}]}<\/script>\n<!-- \/ Yoast SEO plugin. -->","yoast_head_json":{"title":"music and history \u2013 etudes - we're 100 years old","robots":{"index":"index","follow":"follow","max-snippet":"max-snippet:-1","max-image-preview":"max-image-preview:large","max-video-preview":"max-video-preview:-1"},"canonical":"https:\/\/100evesekvagyunk.hu\/en\/music-and-history-etudes\/","og_locale":"en_US","og_type":"article","og_title":"music and history \u2013 etudes - we're 100 years old","og_description":"Music and history \u2013 etudesMusic is a key element of every culture and era. While the music of primaeval cultures consisted almost exclusively of rhythm, today there are countless musical styles, among which everyone can find the ones they like best. Because we need music. We always have and always will: to calm us down, cheer us up, pulsate through us, excite us, relax us, give us hope, make us think, make us scream and laugh, touch us, turn us off and rev us up, to give us experience. Keep the melody going!1929\u20131933 \/ The Great Depression &nbsp; Although the economic difficulties afflicting the entire world meant people had little money, there was always a little bit to give to the street musicians, who smuggled at least some joy into the seeming hopelessness of everyday life with their music. \u00c9dith Piaf, the French chanson singer who would later gain world fame, was one of those to support herself in this way.1939\u20131945 \/ World War Two &nbsp; Between 1939 and 1945, musicians and singers performing in military camps and bases eased the tension built up in the spirits of the soldiers, their shows helping the troops forget, at least for a [&hellip;]","og_url":"https:\/\/100evesekvagyunk.hu\/en\/music-and-history-etudes\/","og_site_name":"we're 100 years old","article_modified_time":"2023-03-03T13:14:45+00:00","twitter_card":"summary_large_image","twitter_misc":{"Est. reading time":"8 minutes"},"schema":{"@context":"https:\/\/schema.org","@graph":[{"@type":"WebPage","@id":"https:\/\/100evesekvagyunk.hu\/en\/music-and-history-etudes\/","url":"https:\/\/100evesekvagyunk.hu\/en\/music-and-history-etudes\/","name":"music and history \u2013 etudes - we're 100 years old","isPartOf":{"@id":"https:\/\/100evesekvagyunk.hu\/#website"},"datePublished":"2022-07-26T08:50:38+00:00","dateModified":"2023-03-03T13:14:45+00:00","breadcrumb":{"@id":"https:\/\/100evesekvagyunk.hu\/en\/music-and-history-etudes\/#breadcrumb"},"inLanguage":"en-US","potentialAction":[{"@type":"ReadAction","target":["https:\/\/100evesekvagyunk.hu\/en\/music-and-history-etudes\/"]}]},{"@type":"BreadcrumbList","@id":"https:\/\/100evesekvagyunk.hu\/en\/music-and-history-etudes\/#breadcrumb","itemListElement":[{"@type":"ListItem","position":1,"name":"Kezd\u0151lap","item":"https:\/\/100evesekvagyunk.hu\/en\/"},{"@type":"ListItem","position":2,"name":"music and history \u2013 etudes"}]},{"@type":"WebSite","@id":"https:\/\/100evesekvagyunk.hu\/#website","url":"https:\/\/100evesekvagyunk.hu\/","name":"we're 100 years old","description":"Egy \u00fajabb WordPress honlap","potentialAction":[{"@type":"SearchAction","target":{"@type":"EntryPoint","urlTemplate":"https:\/\/100evesekvagyunk.hu\/?s={search_term_string}"},"query-input":{"@type":"PropertyValueSpecification","valueRequired":true,"valueName":"search_term_string"}}],"inLanguage":"en-US"}]}},"_links":{"self":[{"href":"https:\/\/100evesekvagyunk.hu\/en\/wp-json\/wp\/v2\/pages\/239085","targetHints":{"allow":["GET"]}}],"collection":[{"href":"https:\/\/100evesekvagyunk.hu\/en\/wp-json\/wp\/v2\/pages"}],"about":[{"href":"https:\/\/100evesekvagyunk.hu\/en\/wp-json\/wp\/v2\/types\/page"}],"author":[{"embeddable":true,"href":"https:\/\/100evesekvagyunk.hu\/en\/wp-json\/wp\/v2\/users\/1"}],"replies":[{"embeddable":true,"href":"https:\/\/100evesekvagyunk.hu\/en\/wp-json\/wp\/v2\/comments?post=239085"}],"version-history":[{"count":12,"href":"https:\/\/100evesekvagyunk.hu\/en\/wp-json\/wp\/v2\/pages\/239085\/revisions"}],"predecessor-version":[{"id":239351,"href":"https:\/\/100evesekvagyunk.hu\/en\/wp-json\/wp\/v2\/pages\/239085\/revisions\/239351"}],"wp:attachment":[{"href":"https:\/\/100evesekvagyunk.hu\/en\/wp-json\/wp\/v2\/media?parent=239085"}],"curies":[{"name":"wp","href":"https:\/\/api.w.org\/{rel}","templated":true}]}}